
{"id":174,"date":"2023-02-23T09:42:48","date_gmt":"2023-02-23T09:42:48","guid":{"rendered":"http:\/\/ld-tpcn01.bkns.biz\/?page_id=174"},"modified":"2023-02-23T09:42:48","modified_gmt":"2023-02-23T09:42:48","slug":"chinh-sach-doi-tra","status":"publish","type":"page","link":"https:\/\/ld-tpcn01.bkns.biz\/?page_id=174","title":{"rendered":"Ch\u00ednh s\u00e1ch \u0111\u1ed5i tr\u1ea3"},"content":{"rendered":"","protected":false},"excerpt":{"rendered":"","protected":false},"author":1,"featured_media":0,"parent":0,"menu_order":0,"comment_status":"closed","ping_status":"closed","template":"","meta":{"footnotes":""},"class_list":["post-174","page","type-page","status-publish","hentry"],"yoast_head":"<!-- This site is optimized with the Yoast SEO plugin v20.1 - https:\/\/yoast.com\/wordpress\/plugins\/seo\/ -->\n<title>Ch\u00ednh s\u00e1ch \u0111\u1ed5i tr\u1ea3 - Demo LD th\u1ef1c ph\u1ea9m ch\u1ee9c n\u0103ng<\/title>\n<meta name=\"robots\" content=\"index, follow, max-snippet:-1, max-image-preview:large, max-video-preview:-1\" \/>\n<link rel=\"canonical\" href=\"https:\/\/ld-tpcn01.bkns.biz\/?page_id=174\" \/>\n<meta property=\"og:locale\" content=\"vi_VN\" \/>\n<meta property=\"og:type\" content=\"article\" \/>\n<meta property=\"og:title\" content=\"Ch\u00ednh s\u00e1ch \u0111\u1ed5i tr\u1ea3 - Demo LD th\u1ef1c ph\u1ea9m ch\u1ee9c n\u0103ng\" \/>\n<meta property=\"og:url\" content=\"https:\/\/ld-tpcn01.bkns.biz\/?page_id=174\" \/>\n<meta property=\"og:site_name\" content=\"Demo LD th\u1ef1c ph\u1ea9m ch\u1ee9c n\u0103ng\" \/>\n<meta name=\"twitter:card\" content=\"summary_large_image\" \/>\n<script type=\"application\/ld+json\" class=\"yoast-schema-graph\">{\"@context\":\"https:\/\/schema.org\",\"@graph\":[{\"@type\":\"WebPage\",\"@id\":\"https:\/\/ld-tpcn01.bkns.biz\/?page_id=174\",\"url\":\"https:\/\/ld-tpcn01.bkns.biz\/?page_id=174\",\"name\":\"Ch\u00ednh s\u00e1ch \u0111\u1ed5i tr\u1ea3 - Demo LD th\u1ef1c ph\u1ea9m ch\u1ee9c n\u0103ng\",\"isPartOf\":{\"@id\":\"https:\/\/ld-tpcn01.bkns.biz\/#website\"},\"datePublished\":\"2023-02-23T09:42:48+00:00\",\"dateModified\":\"2023-02-23T09:42:48+00:00\",\"breadcrumb\":{\"@id\":\"https:\/\/ld-tpcn01.bkns.biz\/?page_id=174#breadcrumb\"},\"inLanguage\":\"vi\",\"potentialAction\":[{\"@type\":\"ReadAction\",\"target\":[\"https:\/\/ld-tpcn01.bkns.biz\/?page_id=174\"]}]},{\"@type\":\"BreadcrumbList\",\"@id\":\"https:\/\/ld-tpcn01.bkns.biz\/?page_id=174#breadcrumb\",\"itemListElement\":[{\"@type\":\"ListItem\",\"position\":1,\"name\":\"Trang ch\u1ee7\",\"item\":\"https:\/\/ld-tpcn01.bkns.biz\/\"},{\"@type\":\"ListItem\",\"position\":2,\"name\":\"Ch\u00ednh s\u00e1ch \u0111\u1ed5i tr\u1ea3\"}]},{\"@type\":\"WebSite\",\"@id\":\"https:\/\/ld-tpcn01.bkns.biz\/#website\",\"url\":\"https:\/\/ld-tpcn01.bkns.biz\/\",\"name\":\"Demo LD th\u1ef1c ph\u1ea9m ch\u1ee9c n\u0103ng\",\"description\":\"M\u1ed9t trang web m\u1edbi s\u1eed d\u1ee5ng WordPress\",\"potentialAction\":[{\"@type\":\"SearchAction\",\"target\":{\"@type\":\"EntryPoint\",\"urlTemplate\":\"https:\/\/ld-tpcn01.bkns.biz\/?s={search_term_string}\"},\"query-input\":\"required name=search_term_string\"}],\"inLanguage\":\"vi\"}]}<\/script>\n<!-- \/ Yoast SEO plugin. -->","yoast_head_json":{"title":"Ch\u00ednh s\u00e1ch \u0111\u1ed5i tr\u1ea3 - Demo LD th\u1ef1c ph\u1ea9m ch\u1ee9c n\u0103ng","robots":{"index":"index","follow":"follow","max-snippet":"max-snippet:-1","max-image-preview":"max-image-preview:large","max-video-preview":"max-video-preview:-1"},"canonical":"https:\/\/ld-tpcn01.bkns.biz\/?page_id=174","og_locale":"vi_VN","og_type":"article","og_title":"Ch\u00ednh s\u00e1ch \u0111\u1ed5i tr\u1ea3 - Demo LD th\u1ef1c ph\u1ea9m ch\u1ee9c n\u0103ng","og_url":"https:\/\/ld-tpcn01.bkns.biz\/?page_id=174","og_site_name":"Demo LD th\u1ef1c ph\u1ea9m ch\u1ee9c n\u0103ng","twitter_card":"summary_large_image","schema":{"@context":"https:\/\/schema.org","@graph":[{"@type":"WebPage","@id":"https:\/\/ld-tpcn01.bkns.biz\/?page_id=174","url":"https:\/\/ld-tpcn01.bkns.biz\/?page_id=174","name":"Ch\u00ednh s\u00e1ch \u0111\u1ed5i tr\u1ea3 - Demo LD th\u1ef1c ph\u1ea9m ch\u1ee9c n\u0103ng","isPartOf":{"@id":"https:\/\/ld-tpcn01.bkns.biz\/#website"},"datePublished":"2023-02-23T09:42:48+00:00","dateModified":"2023-02-23T09:42:48+00:00","breadcrumb":{"@id":"https:\/\/ld-tpcn01.bkns.biz\/?page_id=174#breadcrumb"},"inLanguage":"vi","potentialAction":[{"@type":"ReadAction","target":["https:\/\/ld-tpcn01.bkns.biz\/?page_id=174"]}]},{"@type":"BreadcrumbList","@id":"https:\/\/ld-tpcn01.bkns.biz\/?page_id=174#breadcrumb","itemListElement":[{"@type":"ListItem","position":1,"name":"Trang ch\u1ee7","item":"https:\/\/ld-tpcn01.bkns.biz\/"},{"@type":"ListItem","position":2,"name":"Ch\u00ednh s\u00e1ch \u0111\u1ed5i tr\u1ea3"}]},{"@type":"WebSite","@id":"https:\/\/ld-tpcn01.bkns.biz\/#website","url":"https:\/\/ld-tpcn01.bkns.biz\/","name":"Demo LD th\u1ef1c ph\u1ea9m ch\u1ee9c n\u0103ng","description":"M\u1ed9t trang web m\u1edbi s\u1eed d\u1ee5ng WordPress","potentialAction":[{"@type":"SearchAction","target":{"@type":"EntryPoint","urlTemplate":"https:\/\/ld-tpcn01.bkns.biz\/?s={search_term_string}"},"query-input":"required name=search_term_string"}],"inLanguage":"vi"}]}},"_links":{"self":[{"href":"https:\/\/ld-tpcn01.bkns.biz\/index.php?rest_route=\/wp\/v2\/pages\/174","targetHints":{"allow":["GET"]}}],"collection":[{"href":"https:\/\/ld-tpcn01.bkns.biz\/index.php?rest_route=\/wp\/v2\/pages"}],"about":[{"href":"https:\/\/ld-tpcn01.bkns.biz\/index.php?rest_route=\/wp\/v2\/types\/page"}],"author":[{"embeddable":true,"href":"https:\/\/ld-tpcn01.bkns.biz\/index.php?rest_route=\/wp\/v2\/users\/1"}],"replies":[{"embeddable":true,"href":"https:\/\/ld-tpcn01.bkns.biz\/index.php?rest_route=%2Fwp%2Fv2%2Fcomments&post=174"}],"version-history":[{"count":1,"href":"https:\/\/ld-tpcn01.bkns.biz\/index.php?rest_route=\/wp\/v2\/pages\/174\/revisions"}],"predecessor-version":[{"id":175,"href":"https:\/\/ld-tpcn01.bkns.biz\/index.php?rest_route=\/wp\/v2\/pages\/174\/revisions\/175"}],"wp:attachment":[{"href":"https:\/\/ld-tpcn01.bkns.biz\/index.php?rest_route=%2Fwp%2Fv2%2Fmedia&parent=174"}],"curies":[{"name":"wp","href":"https:\/\/api.w.org\/{rel}","templated":true}]}}